{"id":6538,"date":"2026-01-30T11:00:54","date_gmt":"2026-01-30T10:00:54","guid":{"rendered":"https:\/\/www.brisontraiteur.com\/carte-des-fetes\/produit\/bar-beurre-nantais-a-l-estragon\/"},"modified":"2026-04-05T17:00:55","modified_gmt":"2026-04-05T15:00:55","slug":"bar-beurre-nantais-a-l-estragon","status":"publish","type":"product","link":"https:\/\/www.brisontraiteur.com\/carte-des-fetes\/produit\/bar-beurre-nantais-a-l-estragon\/","title":{"rendered":"Bar au beurre Nantais \u00e0 l&rsquo;estragon"},"content":{"rendered":"","protected":false},"excerpt":{"rendered":"<p>Filet de bar, beurre nantais \u00e0 l&rsquo;estragon, billes de l\u00e9gumes et d\u00e9s de polenta \u00e0 la bisque de homard<\/p>\n<p><span style=\"color: #9ab6df;\"><i>Une recette savoureuse, pr\u00eate \u00e0 r\u00e9chauffer (pr\u00e9sentation en barquette Torus Pack)<\/i><\/span><\/p>\n","protected":false},"featured_media":6548,"comment_status":"open","ping_status":"closed","template":"","meta":{"_acf_changed":false},"product_brand":[],"product_cat":[38,58],"product_tag":[],"class_list":{"0":"post-6538","1":"product","2":"type-product","3":"status-publish","4":"has-post-thumbnail","6":"product_cat-carte-traiteur","7":"product_cat-plats-de-poisson","8":"criterion-carte-festive","10":"first","11":"instock","12":"taxable","13":"shipping-taxable","14":"purchasable","15":"product-type-simple"},"composite_virtual":false,"composite_layout":"","composite_add_to_cart_form_location":"","composite_editable_in_cart":false,"composite_sold_individually_context":"","composite_shop_price_calc":"","composite_components":[],"composite_scenarios":[],"group_of_quantity":0,"min_quantity":0,"max_quantity":"","exclude_order_quantity_value_rules":"no","exclude_category_quantity_rules":"no","combine_variations":"no","acf":[],"_links":{"self":[{"href":"https:\/\/www.brisontraiteur.com\/carte-des-fetes\/wp-json\/wp\/v2\/product\/6538","targetHints":{"allow":["GET"]}}],"collection":[{"href":"https:\/\/www.brisontraiteur.com\/carte-des-fetes\/wp-json\/wp\/v2\/product"}],"about":[{"href":"https:\/\/www.brisontraiteur.com\/carte-des-fetes\/wp-json\/wp\/v2\/types\/product"}],"replies":[{"embeddable":true,"href":"https:\/\/www.brisontraiteur.com\/carte-des-fetes\/wp-json\/wp\/v2\/comments?post=6538"}],"wp:featuredmedia":[{"embeddable":true,"href":"https:\/\/www.brisontraiteur.com\/carte-des-fetes\/wp-json\/wp\/v2\/media\/6548"}],"wp:attachment":[{"href":"https:\/\/www.brisontraiteur.com\/carte-des-fetes\/wp-json\/wp\/v2\/media?parent=6538"}],"wp:term":[{"taxonomy":"product_brand","embeddable":true,"href":"https:\/\/www.brisontraiteur.com\/carte-des-fetes\/wp-json\/wp\/v2\/product_brand?post=6538"},{"taxonomy":"product_cat","embeddable":true,"href":"https:\/\/www.brisontraiteur.com\/carte-des-fetes\/wp-json\/wp\/v2\/product_cat?post=6538"},{"taxonomy":"product_tag","embeddable":true,"href":"https:\/\/www.brisontraiteur.com\/carte-des-fetes\/wp-json\/wp\/v2\/product_tag?post=6538"}],"curies":[{"name":"wp","href":"https:\/\/api.w.org\/{rel}","templated":true}]}}