{"id":5860,"date":"2025-11-28T10:17:49","date_gmt":"2025-11-28T09:17:49","guid":{"rendered":"https:\/\/www.brisontraiteur.com\/carte-des-fetes\/produit\/champagne-abele-1757-brut-rose-75cl\/"},"modified":"2026-04-05T17:00:49","modified_gmt":"2026-04-05T15:00:49","slug":"champagne-abele-1757-brut-rose-75cl","status":"publish","type":"product","link":"https:\/\/www.brisontraiteur.com\/carte-des-fetes\/produit\/champagne-abele-1757-brut-rose-75cl\/","title":{"rendered":"Champagne Abel\u00e9 1757 Brut ros\u00e9 75cl"},"content":{"rendered":"","protected":false},"excerpt":{"rendered":"<h3>Carte des F\u00eates 2025<\/h3>\n<p>Le Champagne Abel\u00e9 1757 Brut Ros\u00e9 est un vin \u00e9l\u00e9gant et raffin\u00e9, \u00e9labor\u00e9 \u00e0 partir de Chardonnay, Pinot Noir et Pinot Meunier. Parfait pour l&rsquo;ap\u00e9ritif ou pour accompagner des mets d\u00e9licats, il s\u00e9duit par son \u00e9quilibre et sa finesse.<\/p>\n","protected":false},"featured_media":5864,"comment_status":"open","ping_status":"closed","template":"","meta":{"_acf_changed":false},"product_brand":[],"product_cat":[19,24],"product_tag":[],"class_list":{"0":"post-5860","1":"product","2":"type-product","3":"status-publish","4":"has-post-thumbnail","6":"product_cat-boisson","7":"product_cat-petillants","8":"criterion-carte-de-noel","9":"criterion-carte-festive","11":"first","12":"instock","13":"taxable","14":"shipping-taxable","15":"purchasable","16":"product-type-simple"},"composite_virtual":false,"composite_layout":"","composite_add_to_cart_form_location":"","composite_editable_in_cart":false,"composite_sold_individually_context":"","composite_shop_price_calc":"","composite_components":[],"composite_scenarios":[],"group_of_quantity":0,"min_quantity":0,"max_quantity":"","exclude_order_quantity_value_rules":"no","exclude_category_quantity_rules":"no","combine_variations":"no","acf":[],"_links":{"self":[{"href":"https:\/\/www.brisontraiteur.com\/carte-des-fetes\/wp-json\/wp\/v2\/product\/5860","targetHints":{"allow":["GET"]}}],"collection":[{"href":"https:\/\/www.brisontraiteur.com\/carte-des-fetes\/wp-json\/wp\/v2\/product"}],"about":[{"href":"https:\/\/www.brisontraiteur.com\/carte-des-fetes\/wp-json\/wp\/v2\/types\/product"}],"replies":[{"embeddable":true,"href":"https:\/\/www.brisontraiteur.com\/carte-des-fetes\/wp-json\/wp\/v2\/comments?post=5860"}],"wp:featuredmedia":[{"embeddable":true,"href":"https:\/\/www.brisontraiteur.com\/carte-des-fetes\/wp-json\/wp\/v2\/media\/5864"}],"wp:attachment":[{"href":"https:\/\/www.brisontraiteur.com\/carte-des-fetes\/wp-json\/wp\/v2\/media?parent=5860"}],"wp:term":[{"taxonomy":"product_brand","embeddable":true,"href":"https:\/\/www.brisontraiteur.com\/carte-des-fetes\/wp-json\/wp\/v2\/product_brand?post=5860"},{"taxonomy":"product_cat","embeddable":true,"href":"https:\/\/www.brisontraiteur.com\/carte-des-fetes\/wp-json\/wp\/v2\/product_cat?post=5860"},{"taxonomy":"product_tag","embeddable":true,"href":"https:\/\/www.brisontraiteur.com\/carte-des-fetes\/wp-json\/wp\/v2\/product_tag?post=5860"}],"curies":[{"name":"wp","href":"https:\/\/api.w.org\/{rel}","templated":true}]}}