{"id":5709,"date":"2025-10-31T16:00:43","date_gmt":"2025-10-31T15:00:43","guid":{"rendered":"https:\/\/www.brisontraiteur.com\/carte-des-fetes\/produit\/cotes-du-rhone-rge-roulepierre-75cl\/"},"modified":"2026-04-05T17:00:41","modified_gmt":"2026-04-05T15:00:41","slug":"cotes-du-rhone-rge-roulepierre-75cl","status":"publish","type":"product","link":"https:\/\/www.brisontraiteur.com\/carte-des-fetes\/produit\/cotes-du-rhone-rge-roulepierre-75cl\/","title":{"rendered":"C\u00f4tes du Rh\u00f4ne rge Roulepierre 75cl"},"content":{"rendered":"","protected":false},"excerpt":{"rendered":"<p>AOC \u2013 Maison Pierre Amadieu<\/p>\n<p>C\u00e9page : Syrah \u2013 Grenache<br \/>\nR\u00e9gion: C\u00f4te du Rh\u00f4ne<\/p>\n<hr \/>\n<p><span style=\"color: #e67638\"><em>L\u2019abus d\u2019alcool est dangereux pour la sant\u00e9, \u00e0 consommer avec mod\u00e9ration.<\/em><\/span><\/p>\n","protected":false},"featured_media":5856,"comment_status":"open","ping_status":"closed","template":"","meta":{"_acf_changed":false},"product_brand":[],"product_cat":[19,51],"product_tag":[],"class_list":{"0":"post-5709","1":"product","2":"type-product","3":"status-publish","4":"has-post-thumbnail","6":"product_cat-boisson","7":"product_cat-vins-rouges","8":"criterion-carte-automne-hiver","9":"criterion-carte-festive","10":"criterion-carte-printemps-ete","12":"first","13":"instock","14":"taxable","15":"shipping-taxable","16":"purchasable","17":"product-type-simple"},"composite_virtual":false,"composite_layout":"","composite_add_to_cart_form_location":"","composite_editable_in_cart":false,"composite_sold_individually_context":"","composite_shop_price_calc":"","composite_components":[],"composite_scenarios":[],"group_of_quantity":0,"min_quantity":0,"max_quantity":"","exclude_order_quantity_value_rules":"no","exclude_category_quantity_rules":"no","combine_variations":"no","acf":[],"_links":{"self":[{"href":"https:\/\/www.brisontraiteur.com\/carte-des-fetes\/wp-json\/wp\/v2\/product\/5709","targetHints":{"allow":["GET"]}}],"collection":[{"href":"https:\/\/www.brisontraiteur.com\/carte-des-fetes\/wp-json\/wp\/v2\/product"}],"about":[{"href":"https:\/\/www.brisontraiteur.com\/carte-des-fetes\/wp-json\/wp\/v2\/types\/product"}],"replies":[{"embeddable":true,"href":"https:\/\/www.brisontraiteur.com\/carte-des-fetes\/wp-json\/wp\/v2\/comments?post=5709"}],"wp:featuredmedia":[{"embeddable":true,"href":"https:\/\/www.brisontraiteur.com\/carte-des-fetes\/wp-json\/wp\/v2\/media\/5856"}],"wp:attachment":[{"href":"https:\/\/www.brisontraiteur.com\/carte-des-fetes\/wp-json\/wp\/v2\/media?parent=5709"}],"wp:term":[{"taxonomy":"product_brand","embeddable":true,"href":"https:\/\/www.brisontraiteur.com\/carte-des-fetes\/wp-json\/wp\/v2\/product_brand?post=5709"},{"taxonomy":"product_cat","embeddable":true,"href":"https:\/\/www.brisontraiteur.com\/carte-des-fetes\/wp-json\/wp\/v2\/product_cat?post=5709"},{"taxonomy":"product_tag","embeddable":true,"href":"https:\/\/www.brisontraiteur.com\/carte-des-fetes\/wp-json\/wp\/v2\/product_tag?post=5709"}],"curies":[{"name":"wp","href":"https:\/\/api.w.org\/{rel}","templated":true}]}}