{"id":5535,"date":"2025-01-24T15:09:38","date_gmt":"2025-01-24T14:09:38","guid":{"rendered":"https:\/\/www.brisontraiteur.com\/carte-des-fetes\/produit\/pieces-cocktail-x8\/"},"modified":"2026-04-05T17:00:38","modified_gmt":"2026-04-05T15:00:38","slug":"pieces-cocktail-x8","status":"publish","type":"product","link":"https:\/\/www.brisontraiteur.com\/carte-des-fetes\/produit\/pieces-cocktail-x8\/","title":{"rendered":"Pi\u00e8ces cocktail x8"},"content":{"rendered":"","protected":false},"excerpt":{"rendered":"<p><strong>Un coffret de 4 vari\u00e9t\u00e9s \u00e0 partager :<\/strong><br \/>\nConcerto de foie gras au cidre <em><span style=\"color: #9ab6df;\">(lait, fruits \u00e0 coque, oeuf, sulfites)<\/span><\/em><br \/>\nMini sabl\u00e9, mousseline de panais, carpaccio de st jacques et agrumes <span style=\"color: #9ab6df;\"><em>(gluten, lait, fruits \u00e0 coque, oeuf, moutarde, sulfites, mollusques)<\/em><\/span><br \/>\nEntremet coco patate douce <span style=\"color: #9ab6df;\"><em>(lait, fruits \u00e0 coque, oeuf, sulfites)<\/em><\/span><br \/>\nBouch\u00e9e pesto rosso thon marin\u00e9 <em><span style=\"color: #9ab6df;\">(gluten, lait, oeuf, poisson, moutarde, sulfite, s\u00e9same)<\/span><\/em><\/p>\n","protected":false},"featured_media":6554,"comment_status":"open","ping_status":"closed","template":"","meta":{"_acf_changed":false},"product_brand":[],"product_cat":[33,34],"product_tag":[],"class_list":{"0":"post-5535","1":"product","2":"type-product","3":"status-publish","4":"has-post-thumbnail","6":"product_cat-cocktail","7":"product_cat-sale-froid","8":"criterion-carte-festive","10":"first","11":"instock","12":"taxable","13":"shipping-taxable","14":"purchasable","15":"product-type-simple"},"composite_virtual":false,"composite_layout":"","composite_add_to_cart_form_location":"","composite_editable_in_cart":false,"composite_sold_individually_context":"","composite_shop_price_calc":"","composite_components":[],"composite_scenarios":[],"group_of_quantity":0,"min_quantity":0,"max_quantity":"","exclude_order_quantity_value_rules":"no","exclude_category_quantity_rules":"no","combine_variations":"no","acf":[],"_links":{"self":[{"href":"https:\/\/www.brisontraiteur.com\/carte-des-fetes\/wp-json\/wp\/v2\/product\/5535","targetHints":{"allow":["GET"]}}],"collection":[{"href":"https:\/\/www.brisontraiteur.com\/carte-des-fetes\/wp-json\/wp\/v2\/product"}],"about":[{"href":"https:\/\/www.brisontraiteur.com\/carte-des-fetes\/wp-json\/wp\/v2\/types\/product"}],"replies":[{"embeddable":true,"href":"https:\/\/www.brisontraiteur.com\/carte-des-fetes\/wp-json\/wp\/v2\/comments?post=5535"}],"wp:featuredmedia":[{"embeddable":true,"href":"https:\/\/www.brisontraiteur.com\/carte-des-fetes\/wp-json\/wp\/v2\/media\/6554"}],"wp:attachment":[{"href":"https:\/\/www.brisontraiteur.com\/carte-des-fetes\/wp-json\/wp\/v2\/media?parent=5535"}],"wp:term":[{"taxonomy":"product_brand","embeddable":true,"href":"https:\/\/www.brisontraiteur.com\/carte-des-fetes\/wp-json\/wp\/v2\/product_brand?post=5535"},{"taxonomy":"product_cat","embeddable":true,"href":"https:\/\/www.brisontraiteur.com\/carte-des-fetes\/wp-json\/wp\/v2\/product_cat?post=5535"},{"taxonomy":"product_tag","embeddable":true,"href":"https:\/\/www.brisontraiteur.com\/carte-des-fetes\/wp-json\/wp\/v2\/product_tag?post=5535"}],"curies":[{"name":"wp","href":"https:\/\/api.w.org\/{rel}","templated":true}]}}