{"id":5532,"date":"2025-01-24T15:09:27","date_gmt":"2025-01-24T14:09:27","guid":{"rendered":"https:\/\/www.brisontraiteur.com\/carte-des-fetes\/produit\/macarons-foie-gras-x4\/"},"modified":"2026-04-05T17:00:31","modified_gmt":"2026-04-05T15:00:31","slug":"macarons-foie-gras-x4","status":"publish","type":"product","link":"https:\/\/www.brisontraiteur.com\/carte-des-fetes\/produit\/macarons-foie-gras-x4\/","title":{"rendered":"Macarons Foie Gras x4"},"content":{"rendered":"","protected":false},"excerpt":{"rendered":"<p>Une recette sal\u00e9e de macarons au foie gras l\u00e9g\u00e8rement \u00e9pic\u00e9s : cr\u00e9meux de foie gras et paprika fum\u00e9.<\/p>\n<p>Le coffret de 4 macarons \u00e0 partager pour la St valentin<\/p>\n","protected":false},"featured_media":5544,"comment_status":"open","ping_status":"closed","template":"","meta":{"_acf_changed":false},"product_brand":[],"product_cat":[33,34],"product_tag":[],"class_list":{"0":"post-5532","1":"product","2":"type-product","3":"status-publish","4":"has-post-thumbnail","6":"product_cat-cocktail","7":"product_cat-sale-froid","8":"criterion-carte-festive","10":"first","11":"instock","12":"taxable","13":"shipping-taxable","14":"purchasable","15":"product-type-simple"},"composite_virtual":false,"composite_layout":"","composite_add_to_cart_form_location":"","composite_editable_in_cart":false,"composite_sold_individually_context":"","composite_shop_price_calc":"","composite_components":[],"composite_scenarios":[],"group_of_quantity":0,"min_quantity":0,"max_quantity":"","exclude_order_quantity_value_rules":"no","exclude_category_quantity_rules":"no","combine_variations":"no","acf":[],"_links":{"self":[{"href":"https:\/\/www.brisontraiteur.com\/carte-des-fetes\/wp-json\/wp\/v2\/product\/5532","targetHints":{"allow":["GET"]}}],"collection":[{"href":"https:\/\/www.brisontraiteur.com\/carte-des-fetes\/wp-json\/wp\/v2\/product"}],"about":[{"href":"https:\/\/www.brisontraiteur.com\/carte-des-fetes\/wp-json\/wp\/v2\/types\/product"}],"replies":[{"embeddable":true,"href":"https:\/\/www.brisontraiteur.com\/carte-des-fetes\/wp-json\/wp\/v2\/comments?post=5532"}],"wp:featuredmedia":[{"embeddable":true,"href":"https:\/\/www.brisontraiteur.com\/carte-des-fetes\/wp-json\/wp\/v2\/media\/5544"}],"wp:attachment":[{"href":"https:\/\/www.brisontraiteur.com\/carte-des-fetes\/wp-json\/wp\/v2\/media?parent=5532"}],"wp:term":[{"taxonomy":"product_brand","embeddable":true,"href":"https:\/\/www.brisontraiteur.com\/carte-des-fetes\/wp-json\/wp\/v2\/product_brand?post=5532"},{"taxonomy":"product_cat","embeddable":true,"href":"https:\/\/www.brisontraiteur.com\/carte-des-fetes\/wp-json\/wp\/v2\/product_cat?post=5532"},{"taxonomy":"product_tag","embeddable":true,"href":"https:\/\/www.brisontraiteur.com\/carte-des-fetes\/wp-json\/wp\/v2\/product_tag?post=5532"}],"curies":[{"name":"wp","href":"https:\/\/api.w.org\/{rel}","templated":true}]}}