{"id":35,"date":"2021-10-20T14:42:08","date_gmt":"2021-10-20T12:42:08","guid":{"rendered":"https:\/\/www.brisontraiteur.com\/carte-des-fetes\/produit\/jus-de-pomme-bio-75-cl\/"},"modified":"2026-04-05T17:00:26","modified_gmt":"2026-04-05T15:00:26","slug":"jus-de-pomme-bio-75-cl","status":"publish","type":"product","link":"https:\/\/www.brisontraiteur.com\/carte-des-fetes\/produit\/jus-de-pomme-bio-75-cl\/","title":{"rendered":"Jus de pomme bio 75 CL"},"content":{"rendered":"<table>\n<tbody>\n<tr>\n<td><span class=\"item-name\">Energie kJ<\/span><\/td>\n<td><strong class=\"item-value\">190<\/strong>\u00a0<small class=\"item-notice\">\/ 100 ml<\/small><\/td>\n<\/tr>\n<tr>\n<td><span class=\"item-name\">Energie kcal<\/span><\/td>\n<td><strong class=\"item-value\">45<\/strong>\u00a0<small class=\"item-notice\">\/ 100 ml<\/small><\/td>\n<\/tr>\n<tr>\n<td><span class=\"item-name\">Lipides<\/span><\/td>\n<td><strong class=\"item-value\">0<\/strong>\u00a0<small class=\"item-notice\">\/ 100 ml<\/small><\/td>\n<\/tr>\n<tr>\n<td><span class=\"item-name\">Glucides<\/span><\/td>\n<td><strong class=\"item-value\">11,4<\/strong>\u00a0<small class=\"item-notice\">\/ 100 ml<\/small><\/td>\n<\/tr>\n<tr>\n<td><span class=\"item-name\">Prot\u00e9ines<\/span><\/td>\n<td><strong class=\"item-value\">0<\/strong>\u00a0<small class=\"item-notice\">\/ 100 ml<\/small><\/td>\n<\/tr>\n<tr>\n<td><span class=\"item-name\">Sel<\/span><\/td>\n<td><strong class=\"item-value\">0<\/strong>\u00a0<small class=\"item-notice\">\/ 100 ml<\/small><\/td>\n<\/tr>\n<\/tbody>\n<\/table>\n","protected":false},"excerpt":{"rendered":"<p>Coteaux Nantais &#8211; En direct des vergers. Un jus doux et parfum\u00e9, \u00e0 servir frais \u00e0 tout moment de la journ\u00e9e.<\/p>\n","protected":false},"featured_media":473,"comment_status":"open","ping_status":"closed","template":"","meta":{"_acf_changed":false},"product_brand":[],"product_cat":[19,20],"product_tag":[],"class_list":{"0":"post-35","1":"product","2":"type-product","3":"status-publish","4":"has-post-thumbnail","6":"product_cat-boisson","7":"product_cat-softs","8":"criterion-carte-automne-hiver","9":"criterion-carte-de-noel","10":"criterion-carte-festive","11":"criterion-carte-printemps-ete","13":"first","14":"instock","15":"taxable","16":"shipping-taxable","17":"purchasable","18":"product-type-simple"},"composite_virtual":false,"composite_layout":"","composite_add_to_cart_form_location":"","composite_editable_in_cart":false,"composite_sold_individually_context":"","composite_shop_price_calc":"","composite_components":[],"composite_scenarios":[],"group_of_quantity":0,"min_quantity":0,"max_quantity":"","exclude_order_quantity_value_rules":"no","exclude_category_quantity_rules":"no","combine_variations":"no","acf":[],"_links":{"self":[{"href":"https:\/\/www.brisontraiteur.com\/carte-des-fetes\/wp-json\/wp\/v2\/product\/35","targetHints":{"allow":["GET"]}}],"collection":[{"href":"https:\/\/www.brisontraiteur.com\/carte-des-fetes\/wp-json\/wp\/v2\/product"}],"about":[{"href":"https:\/\/www.brisontraiteur.com\/carte-des-fetes\/wp-json\/wp\/v2\/types\/product"}],"replies":[{"embeddable":true,"href":"https:\/\/www.brisontraiteur.com\/carte-des-fetes\/wp-json\/wp\/v2\/comments?post=35"}],"wp:featuredmedia":[{"embeddable":true,"href":"https:\/\/www.brisontraiteur.com\/carte-des-fetes\/wp-json\/wp\/v2\/media\/473"}],"wp:attachment":[{"href":"https:\/\/www.brisontraiteur.com\/carte-des-fetes\/wp-json\/wp\/v2\/media?parent=35"}],"wp:term":[{"taxonomy":"product_brand","embeddable":true,"href":"https:\/\/www.brisontraiteur.com\/carte-des-fetes\/wp-json\/wp\/v2\/product_brand?post=35"},{"taxonomy":"product_cat","embeddable":true,"href":"https:\/\/www.brisontraiteur.com\/carte-des-fetes\/wp-json\/wp\/v2\/product_cat?post=35"},{"taxonomy":"product_tag","embeddable":true,"href":"https:\/\/www.brisontraiteur.com\/carte-des-fetes\/wp-json\/wp\/v2\/product_tag?post=35"}],"curies":[{"name":"wp","href":"https:\/\/api.w.org\/{rel}","templated":true}]}}