{"id":33,"date":"2021-10-20T14:42:07","date_gmt":"2021-10-20T12:42:07","guid":{"rendered":"https:\/\/www.brisontraiteur.com\/carte-des-fetes\/produit\/champagne-marizy-recoltant\/"},"modified":"2026-04-05T17:00:26","modified_gmt":"2026-04-05T15:00:26","slug":"champagne-marizy-recoltant","status":"publish","type":"product","link":"https:\/\/www.brisontraiteur.com\/carte-des-fetes\/produit\/champagne-marizy-recoltant\/","title":{"rendered":"Champagne Marizy R\u00e9coltant"},"content":{"rendered":"<p>Un nez d\u00e9licat \u00e0 la fois frais et fruit\u00e9. La bouche poss\u00e8de une attaque fra\u00eeche et progressive puis d\u00e9voile des notes de fruits blancs. Un vin onctueux et d\u00e9licat, pour les ap\u00e9ritifs et les cocktails.<\/p>\n","protected":false},"excerpt":{"rendered":"<p>Champagne de r\u00e9coltant, brut tradition 75 cl<\/p>\n<p>C\u00e9pages : 46% Pinot Noir \u2013 54% Chardonnay<\/p>\n<hr \/>\n<p><span style=\"color: #e67638;\"><em>L\u2019abus d\u2019alcool est dangereux pour la sant\u00e9, \u00e0 consommer avec mod\u00e9ration.<\/em><\/span><\/p>\n<p>Servi tr\u00e8s frais 8\/9\u00b0C<\/p>\n","protected":false},"featured_media":464,"comment_status":"open","ping_status":"closed","template":"","meta":{"_acf_changed":false},"product_brand":[],"product_cat":[19,24],"product_tag":[],"class_list":{"0":"post-33","1":"product","2":"type-product","3":"status-publish","4":"has-post-thumbnail","6":"product_cat-boisson","7":"product_cat-petillants","8":"criterion-carte-automne-hiver","9":"criterion-carte-de-noel","10":"criterion-carte-festive","11":"criterion-carte-printemps-ete","13":"first","14":"instock","15":"taxable","16":"shipping-taxable","17":"purchasable","18":"product-type-simple"},"composite_virtual":false,"composite_layout":"","composite_add_to_cart_form_location":"","composite_editable_in_cart":false,"composite_sold_individually_context":"","composite_shop_price_calc":"","composite_components":[],"composite_scenarios":[],"group_of_quantity":0,"min_quantity":0,"max_quantity":"","exclude_order_quantity_value_rules":"no","exclude_category_quantity_rules":"no","combine_variations":"no","acf":[],"_links":{"self":[{"href":"https:\/\/www.brisontraiteur.com\/carte-des-fetes\/wp-json\/wp\/v2\/product\/33","targetHints":{"allow":["GET"]}}],"collection":[{"href":"https:\/\/www.brisontraiteur.com\/carte-des-fetes\/wp-json\/wp\/v2\/product"}],"about":[{"href":"https:\/\/www.brisontraiteur.com\/carte-des-fetes\/wp-json\/wp\/v2\/types\/product"}],"replies":[{"embeddable":true,"href":"https:\/\/www.brisontraiteur.com\/carte-des-fetes\/wp-json\/wp\/v2\/comments?post=33"}],"wp:featuredmedia":[{"embeddable":true,"href":"https:\/\/www.brisontraiteur.com\/carte-des-fetes\/wp-json\/wp\/v2\/media\/464"}],"wp:attachment":[{"href":"https:\/\/www.brisontraiteur.com\/carte-des-fetes\/wp-json\/wp\/v2\/media?parent=33"}],"wp:term":[{"taxonomy":"product_brand","embeddable":true,"href":"https:\/\/www.brisontraiteur.com\/carte-des-fetes\/wp-json\/wp\/v2\/product_brand?post=33"},{"taxonomy":"product_cat","embeddable":true,"href":"https:\/\/www.brisontraiteur.com\/carte-des-fetes\/wp-json\/wp\/v2\/product_cat?post=33"},{"taxonomy":"product_tag","embeddable":true,"href":"https:\/\/www.brisontraiteur.com\/carte-des-fetes\/wp-json\/wp\/v2\/product_tag?post=33"}],"curies":[{"name":"wp","href":"https:\/\/api.w.org\/{rel}","templated":true}]}}