{"id":32,"date":"2021-10-20T14:42:07","date_gmt":"2021-10-20T12:42:07","guid":{"rendered":"https:\/\/www.brisontraiteur.com\/carte-des-fetes\/produit\/quincy\/"},"modified":"2026-04-05T17:00:25","modified_gmt":"2026-04-05T15:00:25","slug":"quincy","status":"publish","type":"product","link":"https:\/\/www.brisontraiteur.com\/carte-des-fetes\/produit\/quincy\/","title":{"rendered":"Quincy"},"content":{"rendered":"<p>C\u2019est un vin mine\u0301ral frais et fruite\u0301, aux notes d\u2019agrumes et menthol\u00e9es.<\/p>\n<div class=\"page\" title=\"Page 1\">\n<div class=\"section\">\n<div class=\"layoutArea\">\n<div class=\"column\">\n<p>A de\u0301guster : a\u0300 l\u2019ape\u0301ritif, avec des fruits de mer, des poissons grille\u0301s ou du fromage de che\u0300vre.<\/p>\n<p>Servir frais : 12\u00b0C<\/p>\n<\/div>\n<\/div>\n<\/div>\n<\/div>\n","protected":false},"excerpt":{"rendered":"<p>AOP Quincy \u2013 Domaine G\u00e9rard Bigonneau 2019\/20<\/p>\n<p>C\u00e9page : Sauvignon<br \/>\nR\u00e9gion : Vall\u00e9e de la Loire<\/p>\n<hr \/>\n<p><span style=\"color: #e67638;\"><em>L\u2019abus d\u2019alcool est dangereux pour la sant\u00e9, \u00e0 consommer avec mod\u00e9ration.<\/em><\/span><\/p>\n","protected":false},"featured_media":503,"comment_status":"open","ping_status":"closed","template":"","meta":{"_acf_changed":false},"product_brand":[],"product_cat":[19,22],"product_tag":[],"class_list":{"0":"post-32","1":"product","2":"type-product","3":"status-publish","4":"has-post-thumbnail","6":"product_cat-boisson","7":"product_cat-vins-blancs","8":"criterion-carte-automne-hiver","9":"criterion-carte-de-noel","10":"criterion-carte-festive","11":"criterion-carte-printemps-ete","13":"first","14":"instock","15":"taxable","16":"shipping-taxable","17":"purchasable","18":"product-type-simple"},"composite_virtual":false,"composite_layout":"","composite_add_to_cart_form_location":"","composite_editable_in_cart":false,"composite_sold_individually_context":"","composite_shop_price_calc":"","composite_components":[],"composite_scenarios":[],"group_of_quantity":0,"min_quantity":0,"max_quantity":"","exclude_order_quantity_value_rules":"no","exclude_category_quantity_rules":"no","combine_variations":"no","acf":[],"_links":{"self":[{"href":"https:\/\/www.brisontraiteur.com\/carte-des-fetes\/wp-json\/wp\/v2\/product\/32","targetHints":{"allow":["GET"]}}],"collection":[{"href":"https:\/\/www.brisontraiteur.com\/carte-des-fetes\/wp-json\/wp\/v2\/product"}],"about":[{"href":"https:\/\/www.brisontraiteur.com\/carte-des-fetes\/wp-json\/wp\/v2\/types\/product"}],"replies":[{"embeddable":true,"href":"https:\/\/www.brisontraiteur.com\/carte-des-fetes\/wp-json\/wp\/v2\/comments?post=32"}],"wp:featuredmedia":[{"embeddable":true,"href":"https:\/\/www.brisontraiteur.com\/carte-des-fetes\/wp-json\/wp\/v2\/media\/503"}],"wp:attachment":[{"href":"https:\/\/www.brisontraiteur.com\/carte-des-fetes\/wp-json\/wp\/v2\/media?parent=32"}],"wp:term":[{"taxonomy":"product_brand","embeddable":true,"href":"https:\/\/www.brisontraiteur.com\/carte-des-fetes\/wp-json\/wp\/v2\/product_brand?post=32"},{"taxonomy":"product_cat","embeddable":true,"href":"https:\/\/www.brisontraiteur.com\/carte-des-fetes\/wp-json\/wp\/v2\/product_cat?post=32"},{"taxonomy":"product_tag","embeddable":true,"href":"https:\/\/www.brisontraiteur.com\/carte-des-fetes\/wp-json\/wp\/v2\/product_tag?post=32"}],"curies":[{"name":"wp","href":"https:\/\/api.w.org\/{rel}","templated":true}]}}